{"id":711,"date":"2018-12-11T15:59:37","date_gmt":"2018-12-11T14:59:37","guid":{"rendered":"https:\/\/www.aspterredargine.it\/aspterredargine\/?page_id=711"},"modified":"2023-10-26T16:32:35","modified_gmt":"2023-10-26T14:32:35","slug":"volontariato-3","status":"publish","type":"page","link":"https:\/\/www.aspterredargine.it\/aspterredargine\/volontariato-3\/","title":{"rendered":"Volontariato"},"content":{"rendered":"<p><strong>IL VOLONTARIATO<\/strong><\/p>\n<p>Nei servizi assistenziali di ASP delle Terre d\u2019Argine la presenza attiva e integrata di volontari rappresenta una <strong>risorsa umana insostituibile<\/strong>. L\u2019attivit\u00e0 del volontariato concorre al raggiungimento degli obiettivi generali di servizio e di assistenza che l\u2019azienda si prefigge.<\/p>\n<p><strong>La presenza attiva di volontari nei servizi socio assistenziali \u00e8 fonte di:<\/strong><\/p>\n<ul>\n<li>nuovi stimoli e contatti utili per rafforzare il legame con il territorio<\/li>\n<li>maggiori opportunit\u00e0 per costruire eventi\/iniziative anche rivolte alla comunit\u00e0 esterna<\/li>\n<li>maggiori risorse umane per sostenere ed arricchire le attivit\u00e0 programmate di animazione<\/li>\n<\/ul>\n<p>Ai volontari, in base ai propri interessi, aspettative e formazione,\u00a0 \u00e8 data la possibilit\u00e0 di inserirsi in attivit\u00e0 di aiuto, in affiancamento al personale di ASP, a contatto diretto con l\u2019anziano,\u00a0 o di dedicarsi ad\u00a0 attivit\u00e0 che si rifanno alla loro esperienza lavorativa, nelle quali possono sentirsi pi\u00f9 capaci e fin da subito utili: giardino &#8211; orto &#8211; trasporti \u2013 guardaroba: cucito, rammendo, ecc..<\/p>\n<p><img loading=\"lazy\" decoding=\"async\" class=\"alignnone size-medium wp-image-771\" src=\"https:\/\/www.aspterredargine.it\/aspterredargine\/wp-content\/uploads\/2018\/12\/1-Foto-volontari-300x285.jpg\" alt=\"\" width=\"300\" height=\"285\" srcset=\"https:\/\/www.aspterredargine.it\/aspterredargine\/wp-content\/uploads\/2018\/12\/1-Foto-volontari-300x285.jpg 300w, https:\/\/www.aspterredargine.it\/aspterredargine\/wp-content\/uploads\/2018\/12\/1-Foto-volontari-768x729.jpg 768w, https:\/\/www.aspterredargine.it\/aspterredargine\/wp-content\/uploads\/2018\/12\/1-Foto-volontari-640x608.jpg 640w, https:\/\/www.aspterredargine.it\/aspterredargine\/wp-content\/uploads\/2018\/12\/1-Foto-volontari.jpg 774w\" sizes=\"(max-width: 300px) 100vw, 300px\" \/><\/p>\n<p>La presenza dei volontari \u00e8, di norma, prevista e regolata nell\u2019ambito di specifiche convenzioni con organizzazioni di volontariato (ai sensi della L.R. 21.02.2005, n.12), come nel caso dell<strong>\u2019Associazione AMICA di Carpi e AUSER di Novi di Modena<\/strong>.<\/p>\n<p>\u00c8 anche prevista, seppur in misura minore, la presenza di volontari che intendono svolgere attivit\u00e0 individuale, in questo caso l\u2019Azienda fa riferimento alla DGR n.521\/1998.<\/p>\n<p>Altre significative presenze del volontariato locale sono rappresentate <strong><em><u>dall\u2019Associazione M.A.S.C.I., dalla S.Vincenzo de Paoli, dai diaconi e sacerdoti<\/u><\/em> <\/strong>che si occupano dell\u2019assistenza religiosa, e da diversi <strong><em><u>Circoli sociali di quartiere<\/u><\/em><\/strong> che periodicamente invitano i nostri anziani organizzando pranzi sociali e momenti di svago.<\/p>\n<p><img loading=\"lazy\" decoding=\"async\" class=\"alignnone wp-image-776\" src=\"https:\/\/www.aspterredargine.it\/aspterredargine\/wp-content\/uploads\/2018\/12\/6-Foto-volontari-145x300.jpg\" alt=\"\" width=\"188\" height=\"388\" srcset=\"https:\/\/www.aspterredargine.it\/aspterredargine\/wp-content\/uploads\/2018\/12\/6-Foto-volontari-145x300.jpg 145w, https:\/\/www.aspterredargine.it\/aspterredargine\/wp-content\/uploads\/2018\/12\/6-Foto-volontari.jpg 298w\" sizes=\"(max-width: 188px) 100vw, 188px\" \/><\/p>\n<p>Le attivit\u00e0 possono essere suddivise in tre grandi aree di intervento:<\/p>\n<p><strong><em>\u00a0<\/em><\/strong><\/p>\n<p><strong><em>ATTIVIT\u00c0 DIRETTAMENTE RIVOLTE AGLI UTENTI<\/em><\/strong>, attivit\u00e0 varie di animazione, secondo un programma approvato dai responsabili dei servizi, svolte sia in affiancamento al personale dell\u2019ASP che in autonomia, come a d esempio:<\/p>\n<ul>\n<li>Laboratorio di falegnameria e arti varie<\/li>\n<li>aiuto alla parrucchiera\u00a0 e\u00a0 cure\u00a0 estetiche\u00a0 varie,<\/li>\n<li>assistenza durante le attivit\u00e0 riabilitative di gruppo (pet- therapy, massaggio eutonico, musicoterapia)<\/li>\n<li>assistenza religiosa<\/li>\n<li>intrattenimento con musica, film e video, tombola,<\/li>\n<li>trasporto degli utenti di centro diurno e di casa residenza<\/li>\n<li>accompagnamento degli anziani\u00a0 per uscite varie<\/li>\n<\/ul>\n<p><img loading=\"lazy\" decoding=\"async\" class=\"alignnone size-medium wp-image-775\" src=\"https:\/\/www.aspterredargine.it\/aspterredargine\/wp-content\/uploads\/2018\/12\/5-Foto-volontari-300x261.jpg\" alt=\"\" width=\"300\" height=\"261\" srcset=\"https:\/\/www.aspterredargine.it\/aspterredargine\/wp-content\/uploads\/2018\/12\/5-Foto-volontari-300x261.jpg 300w, https:\/\/www.aspterredargine.it\/aspterredargine\/wp-content\/uploads\/2018\/12\/5-Foto-volontari-768x669.jpg 768w, https:\/\/www.aspterredargine.it\/aspterredargine\/wp-content\/uploads\/2018\/12\/5-Foto-volontari-1024x891.jpg 1024w, https:\/\/www.aspterredargine.it\/aspterredargine\/wp-content\/uploads\/2018\/12\/5-Foto-volontari-640x557.jpg 640w, https:\/\/www.aspterredargine.it\/aspterredargine\/wp-content\/uploads\/2018\/12\/5-Foto-volontari.jpg 1460w\" sizes=\"(max-width: 300px) 100vw, 300px\" \/><\/p>\n<p>&nbsp;<\/p>\n<p><strong><em>ATTIVIT\u00c0 DI SOSTEGNO ALLA GESTIONE DEI SERVIZI<\/em><\/strong><strong>, <\/strong>svolte secondo un programma approvato dai responsabili dei servizi stessi, sia in affiancamento al personale dell\u2019ASP che in autonomia, quali ad esempio:<\/p>\n<ul>\n<li>collaborazione con gli animatori dell\u2019ASP per l\u2019organizzazione delle grandi feste\u00a0 estive,<\/li>\n<li>aiuto nell&#8217;allestimento dei locali in\u00a0 occasioni\u00a0 delle\u00a0 feste mensili dei\u00a0 compleanni e delle pi\u00f9 importanti ricorrenze e festivit\u00e0: Natale, Pasqua, Carnevale, 8 marzo,\u00a0 25 aprile, ecc.,\n<ul>\n<li>documentazione fotografica delle varie attivit\u00e0,<\/li>\n<li>attivit\u00e0 di piccola\u00a0 manutenzione\u00a0 (arredi, porte, carrozzine, ecc.),<\/li>\n<li>aiuto in guardaroba\u00a0 con\u00a0 piccoli\u00a0 lavori\u00a0 di\u00a0 rammendo, cucito, ecc.,<\/li>\n<li>coltivazione dell&#8217;orto e falciatura\u00a0 del\u00a0 giardino presso\u00a0 la Casa\u00a0 protetta\u00a0 \u201c Tenente\u00a0 Marchi\u201d e il centro diurno Borgofortino.<\/li>\n<\/ul>\n<\/li>\n<\/ul>\n<p><img loading=\"lazy\" decoding=\"async\" class=\"alignnone size-medium wp-image-772\" src=\"https:\/\/www.aspterredargine.it\/aspterredargine\/wp-content\/uploads\/2018\/12\/2-Foto-volontari-300x225.jpg\" alt=\"\" width=\"300\" height=\"225\" srcset=\"https:\/\/www.aspterredargine.it\/aspterredargine\/wp-content\/uploads\/2018\/12\/2-Foto-volontari-300x225.jpg 300w, https:\/\/www.aspterredargine.it\/aspterredargine\/wp-content\/uploads\/2018\/12\/2-Foto-volontari-768x575.jpg 768w, https:\/\/www.aspterredargine.it\/aspterredargine\/wp-content\/uploads\/2018\/12\/2-Foto-volontari-1024x767.jpg 1024w, https:\/\/www.aspterredargine.it\/aspterredargine\/wp-content\/uploads\/2018\/12\/2-Foto-volontari-640x480.jpg 640w, https:\/\/www.aspterredargine.it\/aspterredargine\/wp-content\/uploads\/2018\/12\/2-Foto-volontari.jpg 1336w\" sizes=\"(max-width: 300px) 100vw, 300px\" \/> <img loading=\"lazy\" decoding=\"async\" class=\"alignnone size-medium wp-image-774\" src=\"https:\/\/www.aspterredargine.it\/aspterredargine\/wp-content\/uploads\/2018\/12\/4-Foto-volontari-300x204.jpg\" alt=\"\" width=\"300\" height=\"204\" srcset=\"https:\/\/www.aspterredargine.it\/aspterredargine\/wp-content\/uploads\/2018\/12\/4-Foto-volontari-300x204.jpg 300w, https:\/\/www.aspterredargine.it\/aspterredargine\/wp-content\/uploads\/2018\/12\/4-Foto-volontari-768x522.jpg 768w, https:\/\/www.aspterredargine.it\/aspterredargine\/wp-content\/uploads\/2018\/12\/4-Foto-volontari-1024x696.jpg 1024w, https:\/\/www.aspterredargine.it\/aspterredargine\/wp-content\/uploads\/2018\/12\/4-Foto-volontari-640x435.jpg 640w, https:\/\/www.aspterredargine.it\/aspterredargine\/wp-content\/uploads\/2018\/12\/4-Foto-volontari.jpg 1206w\" sizes=\"(max-width: 300px) 100vw, 300px\" \/><\/p>\n<p><strong>\u00a0<\/strong><\/p>\n<p><strong>ATTIVIT\u00c0 VOLTE A PROMUOVERE IL VOLONTARIATO NEI SERVIZI DI ASP:<\/strong> banchetti promozionali ed altre iniziative nati per far conoscere alla cittadinanza le attivit\u00e0 di volontariato e incentivare la raccolta di fondi destinati a finanziare attivit\u00e0 di animazione e progetti assistenziali innovativi.<\/p>\n","protected":false},"excerpt":{"rendered":"<p>IL VOLONTARIATO Nei servizi assistenziali di ASP delle Terre d\u2019Argine la presenza attiva e integrata di volontari rappresenta una risorsa umana insostituibile. L\u2019attivit\u00e0 del volontariato concorre al raggiungimento degli obiettivi generali di servizio e di assistenza che l\u2019azienda si prefigge.&hellip; <\/p>\n","protected":false},"author":4,"featured_media":0,"parent":0,"menu_order":0,"comment_status":"closed","ping_status":"closed","template":"","meta":{"footnotes":""},"_links":{"self":[{"href":"https:\/\/www.aspterredargine.it\/aspterredargine\/wp-json\/wp\/v2\/pages\/711"}],"collection":[{"href":"https:\/\/www.aspterredargine.it\/aspterredargine\/wp-json\/wp\/v2\/pages"}],"about":[{"href":"https:\/\/www.aspterredargine.it\/aspterredargine\/wp-json\/wp\/v2\/types\/page"}],"author":[{"embeddable":true,"href":"https:\/\/www.aspterredargine.it\/aspterredargine\/wp-json\/wp\/v2\/users\/4"}],"replies":[{"embeddable":true,"href":"https:\/\/www.aspterredargine.it\/aspterredargine\/wp-json\/wp\/v2\/comments?post=711"}],"version-history":[{"count":7,"href":"https:\/\/www.aspterredargine.it\/aspterredargine\/wp-json\/wp\/v2\/pages\/711\/revisions"}],"predecessor-version":[{"id":3486,"href":"https:\/\/www.aspterredargine.it\/aspterredargine\/wp-json\/wp\/v2\/pages\/711\/revisions\/3486"}],"wp:attachment":[{"href":"https:\/\/www.aspterredargine.it\/aspterredargine\/wp-json\/wp\/v2\/media?parent=711"}],"curies":[{"name":"wp","href":"https:\/\/api.w.org\/{rel}","templated":true}]}}