{"id":4107,"date":"2024-09-27T18:58:02","date_gmt":"2024-09-27T16:58:02","guid":{"rendered":"https:\/\/www.aspterredargine.it\/aspterredargine\/?page_id=4107"},"modified":"2025-09-01T15:17:00","modified_gmt":"2025-09-01T13:17:00","slug":"accessibilita-sito-web","status":"publish","type":"page","link":"https:\/\/www.aspterredargine.it\/aspterredargine\/accessibilita-sito-web\/","title":{"rendered":"Accessibilit\u00e0 sito"},"content":{"rendered":"<h2>Informative per l&#8217;accessibilit\u00e0 del sito web:<\/h2>\n<p>&nbsp;<\/p>\n<ul>\n<li>Informativa: <a href=\"https:\/\/form.agid.gov.it\/view\/8cbbd430-7691-11ef-b36e-9f40779297a4\" target=\"_blank\" rel=\"noopener\">obiettivi di accessibilit\u00e0<\/a><\/li>\n<li>Informativa: <a href=\"https:\/\/form.agid.gov.it\/view\/72707af0-769a-11ef-8482-8f1620c77d6e\" target=\"_blank\" rel=\"noopener\">dichiarazione di accessibilit\u00e0<\/a><\/li>\n<\/ul>\n<p>Le pubbliche amministrazioni hanno l\u2019obbligo di favorire l\u2019accesso delle persone disabili agli strumenti informatici e telematici.<\/p>\n<p>Un sito accessibile permette la fruizione delle proprie pagine da parte di tutti gli utenti, indipendentemente dal sistema operativo e dagli strumenti di navigazione, garantendo anche alle persone disabili il diritto di accesso alle informazioni. ASP \u201cTERRE D&#8217;ARGINE\u201d sta adottando gli accorgimenti necessari a rendere il proprio sito Istituzionale, quanto pi\u00f9 possibile \u2013 e sempre pi\u00f9 \u2013 in ottemperanza alla normativa italiana in materia di accessibilit\u00e0 per i siti Internet.<\/p>\n<p>Si indica di seguito l\u2019indirizzo mail cui inoltrare segnalazioni relative ad eventuali difetti dei sistemi informatici, compresi i siti web e le applicazioni mobili, in termini di conformit\u00e0 ai principi generali per l\u2019accessibilit\u00e0 previsti dall\u2019art. 3-bis della Legge n. 4\/2004 e s.m.i. e alle prescrizioni delle Linee guida sull\u2019accessibilit\u00e0 degli strumenti informatici\u201d del 26\/11\/2019 emanate da\u00a0<a href=\"https:\/\/www.agid.gov.it\/it\/design-servizi\/accessibilita\">AGID<\/a>. Alla medesima mail possono essere indirizzati eventuali suggerimenti atti a migliorare l\u2019accessibilit\u00e0 delle pagine. Inviare una e-mail all\u2019indirizzo <a title=\"Link ad indirizzo email\" href=\"mailto:info@aspterredargine.it\">info@aspterredargine.it<\/a><\/p>\n<style id=\"wpforms-css-vars-4763\">\n\t\t\t\t#wpforms-4763 {\n\t\t\t\t--wpforms-field-border-color: rgba(0, 0, 0, 0.25);\n--wpforms-field-border-color-spare: rgba(0, 0, 0, 0.25);\n--wpforms-field-text-color: rgba(0, 0, 0, 0.7);\n--wpforms-label-color: rgba(0, 0, 0, 0.85);\n--wpforms-label-sublabel-color: rgba(0, 0, 0, 0.55);\n--wpforms-button-background-color: #770f0f;\n--wpforms-container-padding: 0px;\n--wpforms-container-border-width: 1px;\n--wpforms-container-border-radius: 3px;\n--wpforms-background-color: rgba(0, 0, 0, 0);\n--wpforms-field-size-input-height: 43px;\n--wpforms-field-size-input-spacing: 15px;\n--wpforms-field-size-font-size: 16px;\n--wpforms-field-size-line-height: 19px;\n--wpforms-field-size-padding-h: 14px;\n--wpforms-field-size-checkbox-size: 16px;\n--wpforms-field-size-sublabel-spacing: 5px;\n--wpforms-field-size-icon-size: 1;\n--wpforms-label-size-font-size: 16px;\n--wpforms-label-size-line-height: 19px;\n--wpforms-label-size-sublabel-font-size: 14px;\n--wpforms-label-size-sublabel-line-height: 17px;\n--wpforms-button-size-font-size: 17px;\n--wpforms-button-size-height: 41px;\n--wpforms-button-size-padding-h: 15px;\n--wpforms-button-size-margin-top: 10px;\n--wpforms-container-shadow-size-box-shadow: none;\n\n\t\t\t}\n\t\t\t<\/style><div class=\"wpforms-container wpforms-container-full wpforms-render-modern\" id=\"wpforms-4763\"><form id=\"wpforms-form-4763\" class=\"wpforms-validate wpforms-form wpforms-ajax-form\" data-formid=\"4763\" method=\"post\" enctype=\"multipart\/form-data\" action=\"\/aspterredargine\/wp-json\/wp\/v2\/pages\/4107\" data-token=\"497bb9eec18f8b14f9796c80ad6afd87\" data-token-time=\"1777519627\"><noscript class=\"wpforms-error-noscript\">Abilita JavaScript nel browser per completare questo modulo.<\/noscript><div id=\"wpforms-error-noscript\" style=\"display: none;\">Abilita JavaScript nel browser per completare questo modulo.<\/div><div class=\"wpforms-field-container\">\t\t<div id=\"wpforms-4763-field_5-container\"\n\t\t\tclass=\"wpforms-field wpforms-field-text\"\n\t\t\tdata-field-type=\"text\"\n\t\t\tdata-field-id=\"5\"\n\t\t\t>\n\t\t\t<label class=\"wpforms-field-label\" for=\"wpforms-4763-field_5\" >segnalazioni Suggerimenti Email<\/label>\n\t\t\t<input type=\"text\" id=\"wpforms-4763-field_5\" class=\"wpforms-field-medium\" name=\"wpforms[fields][5]\" >\n\t\t<\/div>\n\t\t<div id=\"wpforms-4763-field_1-container\" class=\"wpforms-field wpforms-field-name\" data-field-id=\"1\"><fieldset><legend class=\"wpforms-field-label\">Nome <span class=\"wpforms-required-label\" aria-hidden=\"true\">*<\/span><\/legend><div class=\"wpforms-field-row wpforms-field-medium\"><div class=\"wpforms-field-row-block wpforms-first wpforms-one-half\"><input type=\"text\" id=\"wpforms-4763-field_1\" class=\"wpforms-field-name-first wpforms-field-required\" name=\"wpforms[fields][1][first]\" aria-errormessage=\"wpforms-4763-field_1-error\" required><label for=\"wpforms-4763-field_1\" class=\"wpforms-field-sublabel after\">Nome<\/label><\/div><div class=\"wpforms-field-row-block wpforms-one-half\"><input type=\"text\" id=\"wpforms-4763-field_1-last\" class=\"wpforms-field-name-last wpforms-field-required\" name=\"wpforms[fields][1][last]\" aria-errormessage=\"wpforms-4763-field_1-last-error\" required><label for=\"wpforms-4763-field_1-last\" class=\"wpforms-field-sublabel after\">Cognome<\/label><\/div><\/div><\/fieldset><\/div><div id=\"wpforms-4763-field_2-container\" class=\"wpforms-field wpforms-field-email\" data-field-id=\"2\"><label class=\"wpforms-field-label\" for=\"wpforms-4763-field_2\">Email <span class=\"wpforms-required-label\" aria-hidden=\"true\">*<\/span><\/label><input type=\"email\" id=\"wpforms-4763-field_2\" class=\"wpforms-field-medium wpforms-field-required\" name=\"wpforms[fields][2]\" spellcheck=\"false\" aria-errormessage=\"wpforms-4763-field_2-error\" required><\/div><div id=\"wpforms-4763-field_3-container\" class=\"wpforms-field wpforms-field-textarea\" data-field-id=\"3\"><label class=\"wpforms-field-label\" for=\"wpforms-4763-field_3\">Suggerimenti e segnalazioni <span class=\"wpforms-required-label\" aria-hidden=\"true\">*<\/span><\/label><textarea id=\"wpforms-4763-field_3\" class=\"wpforms-field-medium wpforms-field-required\" name=\"wpforms[fields][3]\" aria-errormessage=\"wpforms-4763-field_3-error\" required><\/textarea><\/div><div id=\"wpforms-4763-field_4-container\" class=\"wpforms-field wpforms-field-checkbox privacy\" data-field-id=\"4\"><fieldset><legend class=\"wpforms-field-label\">Privacy <span class=\"wpforms-required-label\" aria-hidden=\"true\">*<\/span><\/legend><ul id=\"wpforms-4763-field_4\" class=\"wpforms-field-required\"><li class=\"choice-1 depth-1\"><input type=\"checkbox\" id=\"wpforms-4763-field_4_1\" name=\"wpforms[fields][4][]\" value=\"INFORMAZIONI SUL TRATTAMENTO DEI DATI PERSONALI&lt;br&gt;Ai sensi degli artt.13-14 del Regolamento UE 2016\/679 e del D.Lgs 196\/2003 s.m.i. &lt;a href=&quot;https:\/\/www.aspterredargine.it\/aspterredargine\/privacy-policy\/&quot; target=&quot;_blank&quot; rel=&quot;noopener noreferrer nofollow&quot;&gt;Leggi la privacy policy&lt;\/a&gt;\" aria-errormessage=\"wpforms-4763-field_4_1-error\" required ><label class=\"wpforms-field-label-inline\" for=\"wpforms-4763-field_4_1\">INFORMAZIONI SUL TRATTAMENTO DEI DATI PERSONALI<br>Ai sensi degli artt.13-14 del Regolamento UE 2016\/679 e del D.Lgs 196\/2003 s.m.i. <a href=\"https:\/\/www.aspterredargine.it\/aspterredargine\/privacy-policy\/\" target=\"_blank\" rel=\"noopener noreferrer nofollow\">Leggi la privacy policy<\/a><\/label><\/li><\/ul><\/fieldset><\/div><script>\n\t\t\t\t( function() {\n\t\t\t\t\tconst style = document.createElement( 'style' );\n\t\t\t\t\tstyle.appendChild( document.createTextNode( '#wpforms-4763-field_5-container { position: absolute !important; overflow: hidden !important; display: inline !important; height: 1px !important; width: 1px !important; z-index: -1000 !important; padding: 0 !important; } #wpforms-4763-field_5-container input { visibility: hidden; } #wpforms-conversational-form-page #wpforms-4763-field_5-container label { counter-increment: none; }' ) );\n\t\t\t\t\tdocument.head.appendChild( style );\n\t\t\t\t\tdocument.currentScript?.remove();\n\t\t\t\t} )();\n\t\t\t<\/script><\/div><!-- .wpforms-field-container --><div class=\"wpforms-submit-container\" ><input type=\"hidden\" name=\"wpforms[id]\" value=\"4763\"><input type=\"hidden\" name=\"page_title\" value=\"\"><input type=\"hidden\" name=\"page_url\" value=\"https:\/\/www.aspterredargine.it\/aspterredargine\/wp-json\/wp\/v2\/pages\/4107\"><input type=\"hidden\" name=\"url_referer\" value=\"\"><button type=\"submit\" name=\"wpforms[submit]\" id=\"wpforms-submit-4763\" class=\"wpforms-submit\" data-alt-text=\"Invio in corso...\" data-submit-text=\"Invia\" aria-live=\"assertive\" value=\"wpforms-submit\">Invia<\/button><img loading=\"lazy\" decoding=\"async\" src=\"https:\/\/www.aspterredargine.it\/aspterredargine\/wp-content\/plugins\/wpforms-lite\/assets\/images\/submit-spin.svg\" class=\"wpforms-submit-spinner\" style=\"display: none;\" width=\"26\" height=\"26\" alt=\"Caricamento\"><\/div><\/form><\/div>  <!-- .wpforms-container -->\n","protected":false},"excerpt":{"rendered":"<p>Informative per l&#8217;accessibilit\u00e0 del sito web: &nbsp; Informativa: obiettivi di accessibilit\u00e0 Informativa: dichiarazione di accessibilit\u00e0 Le pubbliche amministrazioni hanno l\u2019obbligo di favorire l\u2019accesso delle persone disabili agli strumenti informatici e telematici. Un sito accessibile permette la fruizione delle proprie pagine&hellip; <\/p>\n","protected":false},"author":1,"featured_media":0,"parent":0,"menu_order":0,"comment_status":"closed","ping_status":"closed","template":"","meta":{"footnotes":""},"_links":{"self":[{"href":"https:\/\/www.aspterredargine.it\/aspterredargine\/wp-json\/wp\/v2\/pages\/4107"}],"collection":[{"href":"https:\/\/www.aspterredargine.it\/aspterredargine\/wp-json\/wp\/v2\/pages"}],"about":[{"href":"https:\/\/www.aspterredargine.it\/aspterredargine\/wp-json\/wp\/v2\/types\/page"}],"author":[{"embeddable":true,"href":"https:\/\/www.aspterredargine.it\/aspterredargine\/wp-json\/wp\/v2\/users\/1"}],"replies":[{"embeddable":true,"href":"https:\/\/www.aspterredargine.it\/aspterredargine\/wp-json\/wp\/v2\/comments?post=4107"}],"version-history":[{"count":14,"href":"https:\/\/www.aspterredargine.it\/aspterredargine\/wp-json\/wp\/v2\/pages\/4107\/revisions"}],"predecessor-version":[{"id":4766,"href":"https:\/\/www.aspterredargine.it\/aspterredargine\/wp-json\/wp\/v2\/pages\/4107\/revisions\/4766"}],"wp:attachment":[{"href":"https:\/\/www.aspterredargine.it\/aspterredargine\/wp-json\/wp\/v2\/media?parent=4107"}],"curies":[{"name":"wp","href":"https:\/\/api.w.org\/{rel}","templated":true}]}}